{"id":62942,"date":"2025-08-13T21:47:23","date_gmt":"2025-08-13T21:47:23","guid":{"rendered":"https:\/\/www.ccof.org\/?page_id=62942"},"modified":"2025-09-29T10:32:31","modified_gmt":"2025-09-29T17:32:31","slug":"annual-impact-report","status":"publish","type":"page","link":"http:\/\/www.ccof.org\/es\/about\/annual-impact-report\/","title":{"rendered":"Informe anual de impacto"},"content":{"rendered":"","protected":false},"excerpt":{"rendered":"","protected":false},"author":32,"featured_media":63720,"parent":42,"menu_order":0,"comment_status":"closed","ping_status":"closed","template":"","meta":{"_acf_changed":false,"_relevanssi_hide_post":"","_relevanssi_hide_content":"","_relevanssi_pin_for_all":"","_relevanssi_pin_keywords":"","_relevanssi_unpin_keywords":"","_relevanssi_related_keywords":"","_relevanssi_related_include_ids":"0","_relevanssi_related_exclude_ids":"","_relevanssi_related_no_append":"","_relevanssi_related_not_related":"","_relevanssi_related_posts":"63535,63544,63473,63341,43150,39745,43836,43847,43941,54411","_relevanssi_noindex_reason":"","footnotes":""},"class_list":["post-62942","page","type-page","status-publish","has-post-thumbnail","hentry"],"acf":[],"yoast_head":"<!-- This site is optimized with the Yoast SEO plugin v27.3 - https:\/\/yoast.com\/product\/yoast-seo-wordpress\/ -->\n<title>Annual Impact Report - CCOF.org<\/title>\n<meta name=\"description\" content=\"Explore CCOF\u2019s Annual Impact Report to see how we support organic farmers, advance sustainable practices, and grow the organic community.\" \/>\n<meta name=\"robots\" content=\"index, follow, max-snippet:-1, max-image-preview:large, max-video-preview:-1\" \/>\n<link rel=\"canonical\" href=\"https:\/\/www.ccof.org\/es\/about\/annual-impact-report\/\" \/>\n<meta property=\"og:locale\" content=\"es_MX\" \/>\n<meta property=\"og:type\" content=\"article\" \/>\n<meta property=\"og:title\" content=\"Annual Impact Report - CCOF.org\" \/>\n<meta property=\"og:description\" content=\"Explore CCOF\u2019s Annual Impact Report to see how we support organic farmers, advance sustainable practices, and grow the organic community.\" \/>\n<meta property=\"og:url\" content=\"https:\/\/www.ccof.org\/es\/about\/annual-impact-report\/\" \/>\n<meta property=\"og:site_name\" content=\"CCOF.org\" \/>\n<meta property=\"article:publisher\" content=\"https:\/\/www.facebook.com\/CCOForganic\" \/>\n<meta property=\"article:modified_time\" content=\"2025-09-29T17:32:31+00:00\" \/>\n<meta property=\"og:image\" content=\"https:\/\/www.ccof.org\/wp-content\/uploads\/2025\/09\/dysha-waites-ccof-grantee-farmshare-austin-organic-farmer-scaled.jpg\" \/>\n\t<meta property=\"og:image:width\" content=\"1707\" \/>\n\t<meta property=\"og:image:height\" content=\"2560\" \/>\n\t<meta property=\"og:image:type\" content=\"image\/jpeg\" \/>\n<meta name=\"twitter:card\" content=\"summary_large_image\" \/>\n<meta name=\"twitter:label1\" content=\"Est. reading time\" \/>\n\t<meta name=\"twitter:data1\" content=\"1 minute\" \/>\n<script type=\"application\/ld+json\" class=\"yoast-schema-graph\">{\"@context\":\"https:\\\/\\\/schema.org\",\"@graph\":[{\"@type\":\"WebPage\",\"@id\":\"https:\\\/\\\/www.ccof.org\\\/about\\\/annual-impact-report\\\/\",\"url\":\"https:\\\/\\\/www.ccof.org\\\/about\\\/annual-impact-report\\\/\",\"name\":\"Annual Impact Report - CCOF.org\",\"isPartOf\":{\"@id\":\"https:\\\/\\\/www.ccof.org\\\/#website\"},\"primaryImageOfPage\":{\"@id\":\"https:\\\/\\\/www.ccof.org\\\/about\\\/annual-impact-report\\\/#primaryimage\"},\"image\":{\"@id\":\"https:\\\/\\\/www.ccof.org\\\/about\\\/annual-impact-report\\\/#primaryimage\"},\"thumbnailUrl\":\"http:\\\/\\\/www.ccof.org\\\/wp-content\\\/uploads\\\/2025\\\/09\\\/dysha-waites-ccof-grantee-farmshare-austin-organic-farmer-scaled.jpg\",\"datePublished\":\"2025-08-13T21:47:23+00:00\",\"dateModified\":\"2025-09-29T17:32:31+00:00\",\"description\":\"Explore CCOF\u2019s Annual Impact Report to see how we support organic farmers, advance sustainable practices, and grow the organic community.\",\"breadcrumb\":{\"@id\":\"https:\\\/\\\/www.ccof.org\\\/about\\\/annual-impact-report\\\/#breadcrumb\"},\"inLanguage\":\"es-MX\",\"potentialAction\":[{\"@type\":\"ReadAction\",\"target\":[\"https:\\\/\\\/www.ccof.org\\\/about\\\/annual-impact-report\\\/\"]}]},{\"@type\":\"ImageObject\",\"inLanguage\":\"es-MX\",\"@id\":\"https:\\\/\\\/www.ccof.org\\\/about\\\/annual-impact-report\\\/#primaryimage\",\"url\":\"http:\\\/\\\/www.ccof.org\\\/wp-content\\\/uploads\\\/2025\\\/09\\\/dysha-waites-ccof-grantee-farmshare-austin-organic-farmer-scaled.jpg\",\"contentUrl\":\"http:\\\/\\\/www.ccof.org\\\/wp-content\\\/uploads\\\/2025\\\/09\\\/dysha-waites-ccof-grantee-farmshare-austin-organic-farmer-scaled.jpg\",\"width\":1707,\"height\":2560,\"caption\":\"Dysha Waites, a CCOF Foundation grantee and Farmshare Austin farmer, grows community resilience through organic agriculture. Photo by Alison Marlborough.\"},{\"@type\":\"BreadcrumbList\",\"@id\":\"https:\\\/\\\/www.ccof.org\\\/about\\\/annual-impact-report\\\/#breadcrumb\",\"itemListElement\":[{\"@type\":\"ListItem\",\"position\":1,\"name\":\"Home\",\"item\":\"https:\\\/\\\/www.ccof.org\\\/\"},{\"@type\":\"ListItem\",\"position\":2,\"name\":\"About Us\",\"item\":\"https:\\\/\\\/www.ccof.org\\\/about\\\/\"},{\"@type\":\"ListItem\",\"position\":3,\"name\":\"Annual Impact Report\"}]},{\"@type\":\"WebSite\",\"@id\":\"https:\\\/\\\/www.ccof.org\\\/#website\",\"url\":\"https:\\\/\\\/www.ccof.org\\\/\",\"name\":\"CCOF.org\",\"description\":\"Help make organic the norm!\",\"publisher\":{\"@id\":\"https:\\\/\\\/www.ccof.org\\\/#organization\"},\"potentialAction\":[{\"@type\":\"SearchAction\",\"target\":{\"@type\":\"EntryPoint\",\"urlTemplate\":\"https:\\\/\\\/www.ccof.org\\\/?s={search_term_string}\"},\"query-input\":{\"@type\":\"PropertyValueSpecification\",\"valueRequired\":true,\"valueName\":\"search_term_string\"}}],\"inLanguage\":\"es-MX\"},{\"@type\":\"Organization\",\"@id\":\"https:\\\/\\\/www.ccof.org\\\/#organization\",\"name\":\"CCOF.org\",\"url\":\"https:\\\/\\\/www.ccof.org\\\/\",\"logo\":{\"@type\":\"ImageObject\",\"inLanguage\":\"es-MX\",\"@id\":\"https:\\\/\\\/www.ccof.org\\\/#\\\/schema\\\/logo\\\/image\\\/\",\"url\":\"https:\\\/\\\/www.ccof.org\\\/wp-content\\\/uploads\\\/2024\\\/02\\\/ccof-logo.svg\",\"contentUrl\":\"https:\\\/\\\/www.ccof.org\\\/wp-content\\\/uploads\\\/2024\\\/02\\\/ccof-logo.svg\",\"width\":85,\"height\":111,\"caption\":\"CCOF.org\"},\"image\":{\"@id\":\"https:\\\/\\\/www.ccof.org\\\/#\\\/schema\\\/logo\\\/image\\\/\"},\"sameAs\":[\"https:\\\/\\\/www.facebook.com\\\/CCOForganic\",\"https:\\\/\\\/www.youtube.com\\\/c\\\/CCOForganic\",\"https:\\\/\\\/www.instagram.com\\\/ccoforganic\\\/\"]}]}<\/script>\n<!-- \/ Yoast SEO plugin. -->","yoast_head_json":{"title":"Informe anual de impacto - CCOF.org","description":"Explore el Informe Anual de Impacto de CCOF para ver c\u00f3mo apoyamos a los agricultores ecol\u00f3gicos, promovemos pr\u00e1cticas sostenibles y hacemos crecer la comunidad ecol\u00f3gica.","robots":{"index":"index","follow":"follow","max-snippet":"max-snippet:-1","max-image-preview":"max-image-preview:large","max-video-preview":"max-video-preview:-1"},"canonical":"https:\/\/www.ccof.org\/es\/about\/annual-impact-report\/","og_locale":"es_MX","og_type":"article","og_title":"Annual Impact Report - CCOF.org","og_description":"Explore CCOF\u2019s Annual Impact Report to see how we support organic farmers, advance sustainable practices, and grow the organic community.","og_url":"https:\/\/www.ccof.org\/es\/about\/annual-impact-report\/","og_site_name":"CCOF.org","article_publisher":"https:\/\/www.facebook.com\/CCOForganic","article_modified_time":"2025-09-29T17:32:31+00:00","og_image":[{"width":1707,"height":2560,"url":"https:\/\/www.ccof.org\/wp-content\/uploads\/2025\/09\/dysha-waites-ccof-grantee-farmshare-austin-organic-farmer-scaled.jpg","type":"image\/jpeg"}],"twitter_card":"summary_large_image","twitter_misc":{"Est. reading time":"1 minute"},"schema":{"@context":"https:\/\/schema.org","@graph":[{"@type":"WebPage","@id":"https:\/\/www.ccof.org\/about\/annual-impact-report\/","url":"https:\/\/www.ccof.org\/about\/annual-impact-report\/","name":"Informe anual de impacto - CCOF.org","isPartOf":{"@id":"https:\/\/www.ccof.org\/#website"},"primaryImageOfPage":{"@id":"https:\/\/www.ccof.org\/about\/annual-impact-report\/#primaryimage"},"image":{"@id":"https:\/\/www.ccof.org\/about\/annual-impact-report\/#primaryimage"},"thumbnailUrl":"http:\/\/www.ccof.org\/wp-content\/uploads\/2025\/09\/dysha-waites-ccof-grantee-farmshare-austin-organic-farmer-scaled.jpg","datePublished":"2025-08-13T21:47:23+00:00","dateModified":"2025-09-29T17:32:31+00:00","description":"Explore el Informe Anual de Impacto de CCOF para ver c\u00f3mo apoyamos a los agricultores ecol\u00f3gicos, promovemos pr\u00e1cticas sostenibles y hacemos crecer la comunidad ecol\u00f3gica.","breadcrumb":{"@id":"https:\/\/www.ccof.org\/about\/annual-impact-report\/#breadcrumb"},"inLanguage":"es-MX","potentialAction":[{"@type":"ReadAction","target":["https:\/\/www.ccof.org\/about\/annual-impact-report\/"]}]},{"@type":"ImageObject","inLanguage":"es-MX","@id":"https:\/\/www.ccof.org\/about\/annual-impact-report\/#primaryimage","url":"http:\/\/www.ccof.org\/wp-content\/uploads\/2025\/09\/dysha-waites-ccof-grantee-farmshare-austin-organic-farmer-scaled.jpg","contentUrl":"http:\/\/www.ccof.org\/wp-content\/uploads\/2025\/09\/dysha-waites-ccof-grantee-farmshare-austin-organic-farmer-scaled.jpg","width":1707,"height":2560,"caption":"Dysha Waites, a CCOF Foundation grantee and Farmshare Austin farmer, grows community resilience through organic agriculture. Photo by Alison Marlborough."},{"@type":"BreadcrumbList","@id":"https:\/\/www.ccof.org\/about\/annual-impact-report\/#breadcrumb","itemListElement":[{"@type":"ListItem","position":1,"name":"Home","item":"https:\/\/www.ccof.org\/"},{"@type":"ListItem","position":2,"name":"About Us","item":"https:\/\/www.ccof.org\/about\/"},{"@type":"ListItem","position":3,"name":"Annual Impact Report"}]},{"@type":"WebSite","@id":"https:\/\/www.ccof.org\/#website","url":"https:\/\/www.ccof.org\/","name":"CCOF.org","description":"\u00a1Ayude a que lo org\u00e1nico sea la norma!","publisher":{"@id":"https:\/\/www.ccof.org\/#organization"},"potentialAction":[{"@type":"SearchAction","target":{"@type":"EntryPoint","urlTemplate":"https:\/\/www.ccof.org\/?s={search_term_string}"},"query-input":{"@type":"PropertyValueSpecification","valueRequired":true,"valueName":"search_term_string"}}],"inLanguage":"es-MX"},{"@type":"Organization","@id":"https:\/\/www.ccof.org\/#organization","name":"CCOF.org","url":"https:\/\/www.ccof.org\/","logo":{"@type":"ImageObject","inLanguage":"es-MX","@id":"https:\/\/www.ccof.org\/#\/schema\/logo\/image\/","url":"https:\/\/www.ccof.org\/wp-content\/uploads\/2024\/02\/ccof-logo.svg","contentUrl":"https:\/\/www.ccof.org\/wp-content\/uploads\/2024\/02\/ccof-logo.svg","width":85,"height":111,"caption":"CCOF.org"},"image":{"@id":"https:\/\/www.ccof.org\/#\/schema\/logo\/image\/"},"sameAs":["https:\/\/www.facebook.com\/CCOForganic","https:\/\/www.youtube.com\/c\/CCOForganic","https:\/\/www.instagram.com\/ccoforganic\/"]}]}},"_links":{"self":[{"href":"http:\/\/www.ccof.org\/es\/wp-json\/wp\/v2\/pages\/62942","targetHints":{"allow":["GET"]}}],"collection":[{"href":"http:\/\/www.ccof.org\/es\/wp-json\/wp\/v2\/pages"}],"about":[{"href":"http:\/\/www.ccof.org\/es\/wp-json\/wp\/v2\/types\/page"}],"author":[{"embeddable":true,"href":"http:\/\/www.ccof.org\/es\/wp-json\/wp\/v2\/users\/32"}],"replies":[{"embeddable":true,"href":"http:\/\/www.ccof.org\/es\/wp-json\/wp\/v2\/comments?post=62942"}],"version-history":[{"count":6,"href":"http:\/\/www.ccof.org\/es\/wp-json\/wp\/v2\/pages\/62942\/revisions"}],"predecessor-version":[{"id":63290,"href":"http:\/\/www.ccof.org\/es\/wp-json\/wp\/v2\/pages\/62942\/revisions\/63290"}],"up":[{"embeddable":true,"href":"http:\/\/www.ccof.org\/es\/wp-json\/wp\/v2\/pages\/42"}],"wp:featuredmedia":[{"embeddable":true,"href":"http:\/\/www.ccof.org\/es\/wp-json\/wp\/v2\/media\/63720"}],"wp:attachment":[{"href":"http:\/\/www.ccof.org\/es\/wp-json\/wp\/v2\/media?parent=62942"}],"curies":[{"name":"wp","href":"https:\/\/api.w.org\/{rel}","templated":true}]}}