{"id":16055,"date":"2024-03-24T23:42:38","date_gmt":"2024-03-24T23:42:38","guid":{"rendered":"https:\/\/www.ccof.org\/?page_id=16055"},"modified":"2025-11-25T11:43:26","modified_gmt":"2025-11-25T19:43:26","slug":"grassfed-organic-livestock","status":"publish","type":"page","link":"https:\/\/www.ccof.org\/es\/organic-certification-services\/grassfed-organic-livestock\/","title":{"rendered":"Programa de certificaci\u00f3n grass-fed (alimentaci\u00f3n con pasto) para ganado org\u00e1nico"},"content":{"rendered":"","protected":false},"excerpt":{"rendered":"","protected":false},"author":20,"featured_media":64600,"parent":25,"menu_order":0,"comment_status":"closed","ping_status":"closed","template":"","meta":{"_acf_changed":false,"_relevanssi_hide_post":"","_relevanssi_hide_content":"","_relevanssi_pin_for_all":"","_relevanssi_pin_keywords":"","_relevanssi_unpin_keywords":"","_relevanssi_related_keywords":"","_relevanssi_related_include_ids":"0","_relevanssi_related_exclude_ids":"","_relevanssi_related_no_append":"","_relevanssi_related_not_related":"","_relevanssi_related_posts":"64423,52057,33965,64335,64342,39702,64202,33509,33938,32729","_relevanssi_noindex_reason":"","footnotes":""},"class_list":["post-16055","page","type-page","status-publish","has-post-thumbnail","hentry"],"acf":[],"yoast_head":"<!-- This site is optimized with the Yoast SEO plugin v25.9 - https:\/\/yoast.com\/wordpress\/plugins\/seo\/ -->\n<title>Certified Grass-Fed Organic Livestock Program - CCOF.org<\/title>\n<meta name=\"robots\" content=\"index, follow, max-snippet:-1, max-image-preview:large, max-video-preview:-1\" \/>\n<link rel=\"canonical\" href=\"https:\/\/www.ccof.org\/es\/organic-certification-services\/grassfed-organic-livestock\/\" \/>\n<meta property=\"og:locale\" content=\"es_MX\" \/>\n<meta property=\"og:type\" content=\"article\" \/>\n<meta property=\"og:title\" content=\"Certified Grass-Fed Organic Livestock Program - CCOF.org\" \/>\n<meta property=\"og:url\" content=\"https:\/\/www.ccof.org\/es\/organic-certification-services\/grassfed-organic-livestock\/\" \/>\n<meta property=\"og:site_name\" content=\"CCOF.org\" \/>\n<meta property=\"article:publisher\" content=\"https:\/\/www.facebook.com\/CCOForganic\" \/>\n<meta property=\"article:modified_time\" content=\"2025-11-25T19:43:26+00:00\" \/>\n<meta property=\"og:image\" content=\"https:\/\/www.ccof.org\/wp-content\/uploads\/2025\/11\/grass-fed-cow-scaled.jpeg\" \/>\n\t<meta property=\"og:image:width\" content=\"2560\" \/>\n\t<meta property=\"og:image:height\" content=\"1707\" \/>\n\t<meta property=\"og:image:type\" content=\"image\/jpeg\" \/>\n<meta name=\"twitter:card\" content=\"summary_large_image\" \/>\n<meta name=\"twitter:label1\" content=\"Est. reading time\" \/>\n\t<meta name=\"twitter:data1\" content=\"3 minutes\" \/>\n<script type=\"application\/ld+json\" class=\"yoast-schema-graph\">{\"@context\":\"https:\/\/schema.org\",\"@graph\":[{\"@type\":\"WebPage\",\"@id\":\"https:\/\/www.ccof.org\/organic-certification-services\/grassfed-organic-livestock\/\",\"url\":\"https:\/\/www.ccof.org\/organic-certification-services\/grassfed-organic-livestock\/\",\"name\":\"Certified Grass-Fed Organic Livestock Program - CCOF.org\",\"isPartOf\":{\"@id\":\"https:\/\/www.ccof.org\/#website\"},\"primaryImageOfPage\":{\"@id\":\"https:\/\/www.ccof.org\/organic-certification-services\/grassfed-organic-livestock\/#primaryimage\"},\"image\":{\"@id\":\"https:\/\/www.ccof.org\/organic-certification-services\/grassfed-organic-livestock\/#primaryimage\"},\"thumbnailUrl\":\"https:\/\/www.ccof.org\/wp-content\/uploads\/2025\/11\/grass-fed-cow-scaled.jpeg\",\"datePublished\":\"2024-03-24T23:42:38+00:00\",\"dateModified\":\"2025-11-25T19:43:26+00:00\",\"breadcrumb\":{\"@id\":\"https:\/\/www.ccof.org\/organic-certification-services\/grassfed-organic-livestock\/#breadcrumb\"},\"inLanguage\":\"es-MX\",\"potentialAction\":[{\"@type\":\"ReadAction\",\"target\":[\"https:\/\/www.ccof.org\/organic-certification-services\/grassfed-organic-livestock\/\"]}]},{\"@type\":\"ImageObject\",\"inLanguage\":\"es-MX\",\"@id\":\"https:\/\/www.ccof.org\/organic-certification-services\/grassfed-organic-livestock\/#primaryimage\",\"url\":\"https:\/\/www.ccof.org\/wp-content\/uploads\/2025\/11\/grass-fed-cow-scaled.jpeg\",\"contentUrl\":\"https:\/\/www.ccof.org\/wp-content\/uploads\/2025\/11\/grass-fed-cow-scaled.jpeg\",\"width\":2560,\"height\":1707,\"caption\":\"Cows eating grass on a sunny day with beautiful scenery. Close up view of healthy cow grazing outdoor in the field.\"},{\"@type\":\"BreadcrumbList\",\"@id\":\"https:\/\/www.ccof.org\/organic-certification-services\/grassfed-organic-livestock\/#breadcrumb\",\"itemListElement\":[{\"@type\":\"ListItem\",\"position\":1,\"name\":\"Home\",\"item\":\"https:\/\/www.ccof.org\/\"},{\"@type\":\"ListItem\",\"position\":2,\"name\":\"Certification Services\",\"item\":\"https:\/\/www.ccof.org\/organic-certification-services\/\"},{\"@type\":\"ListItem\",\"position\":3,\"name\":\"Certified Grass-Fed Organic Livestock Program\"}]},{\"@type\":\"WebSite\",\"@id\":\"https:\/\/www.ccof.org\/#website\",\"url\":\"https:\/\/www.ccof.org\/\",\"name\":\"CCOF.org\",\"description\":\"Help make organic the norm!\",\"publisher\":{\"@id\":\"https:\/\/www.ccof.org\/#organization\"},\"potentialAction\":[{\"@type\":\"SearchAction\",\"target\":{\"@type\":\"EntryPoint\",\"urlTemplate\":\"https:\/\/www.ccof.org\/?s={search_term_string}\"},\"query-input\":{\"@type\":\"PropertyValueSpecification\",\"valueRequired\":true,\"valueName\":\"search_term_string\"}}],\"inLanguage\":\"es-MX\"},{\"@type\":\"Organization\",\"@id\":\"https:\/\/www.ccof.org\/#organization\",\"name\":\"CCOF.org\",\"url\":\"https:\/\/www.ccof.org\/\",\"logo\":{\"@type\":\"ImageObject\",\"inLanguage\":\"es-MX\",\"@id\":\"https:\/\/www.ccof.org\/#\/schema\/logo\/image\/\",\"url\":\"https:\/\/www.ccof.org\/wp-content\/uploads\/2024\/02\/ccof-logo.svg\",\"contentUrl\":\"https:\/\/www.ccof.org\/wp-content\/uploads\/2024\/02\/ccof-logo.svg\",\"width\":85,\"height\":111,\"caption\":\"CCOF.org\"},\"image\":{\"@id\":\"https:\/\/www.ccof.org\/#\/schema\/logo\/image\/\"},\"sameAs\":[\"https:\/\/www.facebook.com\/CCOForganic\",\"https:\/\/www.youtube.com\/c\/CCOForganic\",\"https:\/\/www.instagram.com\/ccoforganic\/\"]}]}<\/script>\n<!-- \/ Yoast SEO plugin. -->","yoast_head_json":{"title":"Programa de Ganader\u00eda Ecol\u00f3gica Alimentada con Pasto - CCOF.org","robots":{"index":"index","follow":"follow","max-snippet":"max-snippet:-1","max-image-preview":"max-image-preview:large","max-video-preview":"max-video-preview:-1"},"canonical":"https:\/\/www.ccof.org\/es\/organic-certification-services\/grassfed-organic-livestock\/","og_locale":"es_MX","og_type":"article","og_title":"Certified Grass-Fed Organic Livestock Program - CCOF.org","og_url":"https:\/\/www.ccof.org\/es\/organic-certification-services\/grassfed-organic-livestock\/","og_site_name":"CCOF.org","article_publisher":"https:\/\/www.facebook.com\/CCOForganic","article_modified_time":"2025-11-25T19:43:26+00:00","og_image":[{"width":2560,"height":1707,"url":"https:\/\/www.ccof.org\/wp-content\/uploads\/2025\/11\/grass-fed-cow-scaled.jpeg","type":"image\/jpeg"}],"twitter_card":"summary_large_image","twitter_misc":{"Est. reading time":"3 minutes"},"schema":{"@context":"https:\/\/schema.org","@graph":[{"@type":"WebPage","@id":"https:\/\/www.ccof.org\/organic-certification-services\/grassfed-organic-livestock\/","url":"https:\/\/www.ccof.org\/organic-certification-services\/grassfed-organic-livestock\/","name":"Programa de Ganader\u00eda Ecol\u00f3gica Alimentada con Pasto - CCOF.org","isPartOf":{"@id":"https:\/\/www.ccof.org\/#website"},"primaryImageOfPage":{"@id":"https:\/\/www.ccof.org\/organic-certification-services\/grassfed-organic-livestock\/#primaryimage"},"image":{"@id":"https:\/\/www.ccof.org\/organic-certification-services\/grassfed-organic-livestock\/#primaryimage"},"thumbnailUrl":"https:\/\/www.ccof.org\/wp-content\/uploads\/2025\/11\/grass-fed-cow-scaled.jpeg","datePublished":"2024-03-24T23:42:38+00:00","dateModified":"2025-11-25T19:43:26+00:00","breadcrumb":{"@id":"https:\/\/www.ccof.org\/organic-certification-services\/grassfed-organic-livestock\/#breadcrumb"},"inLanguage":"es-MX","potentialAction":[{"@type":"ReadAction","target":["https:\/\/www.ccof.org\/organic-certification-services\/grassfed-organic-livestock\/"]}]},{"@type":"ImageObject","inLanguage":"es-MX","@id":"https:\/\/www.ccof.org\/organic-certification-services\/grassfed-organic-livestock\/#primaryimage","url":"https:\/\/www.ccof.org\/wp-content\/uploads\/2025\/11\/grass-fed-cow-scaled.jpeg","contentUrl":"https:\/\/www.ccof.org\/wp-content\/uploads\/2025\/11\/grass-fed-cow-scaled.jpeg","width":2560,"height":1707,"caption":"Cows eating grass on a sunny day with beautiful scenery. Close up view of healthy cow grazing outdoor in the field."},{"@type":"BreadcrumbList","@id":"https:\/\/www.ccof.org\/organic-certification-services\/grassfed-organic-livestock\/#breadcrumb","itemListElement":[{"@type":"ListItem","position":1,"name":"Home","item":"https:\/\/www.ccof.org\/"},{"@type":"ListItem","position":2,"name":"Certification Services","item":"https:\/\/www.ccof.org\/organic-certification-services\/"},{"@type":"ListItem","position":3,"name":"Certified Grass-Fed Organic Livestock Program"}]},{"@type":"WebSite","@id":"https:\/\/www.ccof.org\/#website","url":"https:\/\/www.ccof.org\/","name":"CCOF.org","description":"\u00a1Ayude a que lo org\u00e1nico sea la norma!","publisher":{"@id":"https:\/\/www.ccof.org\/#organization"},"potentialAction":[{"@type":"SearchAction","target":{"@type":"EntryPoint","urlTemplate":"https:\/\/www.ccof.org\/?s={search_term_string}"},"query-input":{"@type":"PropertyValueSpecification","valueRequired":true,"valueName":"search_term_string"}}],"inLanguage":"es-MX"},{"@type":"Organization","@id":"https:\/\/www.ccof.org\/#organization","name":"CCOF.org","url":"https:\/\/www.ccof.org\/","logo":{"@type":"ImageObject","inLanguage":"es-MX","@id":"https:\/\/www.ccof.org\/#\/schema\/logo\/image\/","url":"https:\/\/www.ccof.org\/wp-content\/uploads\/2024\/02\/ccof-logo.svg","contentUrl":"https:\/\/www.ccof.org\/wp-content\/uploads\/2024\/02\/ccof-logo.svg","width":85,"height":111,"caption":"CCOF.org"},"image":{"@id":"https:\/\/www.ccof.org\/#\/schema\/logo\/image\/"},"sameAs":["https:\/\/www.facebook.com\/CCOForganic","https:\/\/www.youtube.com\/c\/CCOForganic","https:\/\/www.instagram.com\/ccoforganic\/"]}]}},"_links":{"self":[{"href":"https:\/\/www.ccof.org\/es\/wp-json\/wp\/v2\/pages\/16055","targetHints":{"allow":["GET"]}}],"collection":[{"href":"https:\/\/www.ccof.org\/es\/wp-json\/wp\/v2\/pages"}],"about":[{"href":"https:\/\/www.ccof.org\/es\/wp-json\/wp\/v2\/types\/page"}],"author":[{"embeddable":true,"href":"https:\/\/www.ccof.org\/es\/wp-json\/wp\/v2\/users\/20"}],"replies":[{"embeddable":true,"href":"https:\/\/www.ccof.org\/es\/wp-json\/wp\/v2\/comments?post=16055"}],"version-history":[{"count":5,"href":"https:\/\/www.ccof.org\/es\/wp-json\/wp\/v2\/pages\/16055\/revisions"}],"predecessor-version":[{"id":63718,"href":"https:\/\/www.ccof.org\/es\/wp-json\/wp\/v2\/pages\/16055\/revisions\/63718"}],"up":[{"embeddable":true,"href":"https:\/\/www.ccof.org\/es\/wp-json\/wp\/v2\/pages\/25"}],"wp:featuredmedia":[{"embeddable":true,"href":"https:\/\/www.ccof.org\/es\/wp-json\/wp\/v2\/media\/64600"}],"wp:attachment":[{"href":"https:\/\/www.ccof.org\/es\/wp-json\/wp\/v2\/media?parent=16055"}],"curies":[{"name":"wp","href":"https:\/\/api.w.org\/{rel}","templated":true}]}}