{"id":172,"date":"2024-03-04T23:59:32","date_gmt":"2024-03-04T23:59:32","guid":{"rendered":"https:\/\/www.ccof.org\/?page_id=172"},"modified":"2025-10-15T18:09:11","modified_gmt":"2025-10-16T01:09:11","slug":"history","status":"publish","type":"page","link":"https:\/\/www.ccof.org\/es\/about\/history\/","title":{"rendered":"Historia"},"content":{"rendered":"","protected":false},"excerpt":{"rendered":"","protected":false},"author":8,"featured_media":64010,"parent":42,"menu_order":0,"comment_status":"closed","ping_status":"closed","template":"","meta":{"_acf_changed":false,"_relevanssi_hide_post":"","_relevanssi_hide_content":"","_relevanssi_pin_for_all":"","_relevanssi_pin_keywords":"","_relevanssi_unpin_keywords":"","_relevanssi_related_keywords":"","_relevanssi_related_include_ids":"0","_relevanssi_related_exclude_ids":"","_relevanssi_related_no_append":"","_relevanssi_related_not_related":"","_relevanssi_related_posts":"39997,40124,32722,33787,39821,39823,39977,39978,39999,40052","_relevanssi_noindex_reason":"","footnotes":""},"class_list":["post-172","page","type-page","status-publish","has-post-thumbnail","hentry"],"acf":[],"yoast_head":"<!-- This site is optimized with the Yoast SEO plugin v27.3 - https:\/\/yoast.com\/product\/yoast-seo-wordpress\/ -->\n<title>History - CCOF.org<\/title>\n<meta name=\"description\" content=\"CCOF was founded in 1973 with 54 grower members for the purpose of defining organic standards and certifying organic growers. All CCOF operations were run out of founder Barney Bricmont\u2019s Santa Cruz, California, home; his dining room was the office, with the dining table acting as a desk.\" \/>\n<meta name=\"robots\" content=\"index, follow, max-snippet:-1, max-image-preview:large, max-video-preview:-1\" \/>\n<link rel=\"canonical\" href=\"https:\/\/www.ccof.org\/es\/about\/history\/\" \/>\n<meta property=\"og:locale\" content=\"es_MX\" \/>\n<meta property=\"og:type\" content=\"article\" \/>\n<meta property=\"og:title\" content=\"History - CCOF.org\" \/>\n<meta property=\"og:description\" content=\"CCOF was founded in 1973 with 54 grower members for the purpose of defining organic standards and certifying organic growers. All CCOF operations were run out of founder Barney Bricmont\u2019s Santa Cruz, California, home; his dining room was the office, with the dining table acting as a desk.\" \/>\n<meta property=\"og:url\" content=\"https:\/\/www.ccof.org\/es\/about\/history\/\" \/>\n<meta property=\"og:site_name\" content=\"CCOF.org\" \/>\n<meta property=\"article:publisher\" content=\"https:\/\/www.facebook.com\/CCOForganic\" \/>\n<meta property=\"article:modified_time\" content=\"2025-10-16T01:09:11+00:00\" \/>\n<meta property=\"og:image\" content=\"https:\/\/www.ccof.org\/wp-content\/uploads\/2025\/10\/CCOF-History_Founding-Dining-Table-organic-1973-scaled.jpg\" \/>\n\t<meta property=\"og:image:width\" content=\"2560\" \/>\n\t<meta property=\"og:image:height\" content=\"2121\" \/>\n\t<meta property=\"og:image:type\" content=\"image\/jpeg\" \/>\n<meta name=\"twitter:card\" content=\"summary_large_image\" \/>\n<meta name=\"twitter:label1\" content=\"Est. reading time\" \/>\n\t<meta name=\"twitter:data1\" content=\"12 minutes\" \/>\n<script type=\"application\/ld+json\" class=\"yoast-schema-graph\">{\"@context\":\"https:\\\/\\\/schema.org\",\"@graph\":[{\"@type\":\"WebPage\",\"@id\":\"https:\\\/\\\/www.ccof.org\\\/about\\\/history\\\/\",\"url\":\"https:\\\/\\\/www.ccof.org\\\/about\\\/history\\\/\",\"name\":\"History - CCOF.org\",\"isPartOf\":{\"@id\":\"https:\\\/\\\/www.ccof.org\\\/#website\"},\"primaryImageOfPage\":{\"@id\":\"https:\\\/\\\/www.ccof.org\\\/about\\\/history\\\/#primaryimage\"},\"image\":{\"@id\":\"https:\\\/\\\/www.ccof.org\\\/about\\\/history\\\/#primaryimage\"},\"thumbnailUrl\":\"https:\\\/\\\/www.ccof.org\\\/wp-content\\\/uploads\\\/2025\\\/10\\\/CCOF-History_Founding-Dining-Table-organic-1973-scaled.jpg\",\"datePublished\":\"2024-03-04T23:59:32+00:00\",\"dateModified\":\"2025-10-16T01:09:11+00:00\",\"description\":\"CCOF was founded in 1973 with 54 grower members for the purpose of defining organic standards and certifying organic growers. All CCOF operations were run out of founder Barney Bricmont\u2019s Santa Cruz, California, home; his dining room was the office, with the dining table acting as a desk.\",\"breadcrumb\":{\"@id\":\"https:\\\/\\\/www.ccof.org\\\/about\\\/history\\\/#breadcrumb\"},\"inLanguage\":\"es-MX\",\"potentialAction\":[{\"@type\":\"ReadAction\",\"target\":[\"https:\\\/\\\/www.ccof.org\\\/about\\\/history\\\/\"]}]},{\"@type\":\"ImageObject\",\"inLanguage\":\"es-MX\",\"@id\":\"https:\\\/\\\/www.ccof.org\\\/about\\\/history\\\/#primaryimage\",\"url\":\"https:\\\/\\\/www.ccof.org\\\/wp-content\\\/uploads\\\/2025\\\/10\\\/CCOF-History_Founding-Dining-Table-organic-1973-scaled.jpg\",\"contentUrl\":\"https:\\\/\\\/www.ccof.org\\\/wp-content\\\/uploads\\\/2025\\\/10\\\/CCOF-History_Founding-Dining-Table-organic-1973-scaled.jpg\",\"width\":2560,\"height\":2121,\"caption\":\"In 1973, 54 organic growers gathered around a table in Barney Bricmont\u2019s Santa Cruz home to define the first organic standards and form California Certified Organic Farmers (CCOF). What began here became a nationwide movement for organic integrity.\"},{\"@type\":\"BreadcrumbList\",\"@id\":\"https:\\\/\\\/www.ccof.org\\\/about\\\/history\\\/#breadcrumb\",\"itemListElement\":[{\"@type\":\"ListItem\",\"position\":1,\"name\":\"Home\",\"item\":\"https:\\\/\\\/www.ccof.org\\\/\"},{\"@type\":\"ListItem\",\"position\":2,\"name\":\"About Us\",\"item\":\"https:\\\/\\\/www.ccof.org\\\/about\\\/\"},{\"@type\":\"ListItem\",\"position\":3,\"name\":\"History\"}]},{\"@type\":\"WebSite\",\"@id\":\"https:\\\/\\\/www.ccof.org\\\/#website\",\"url\":\"https:\\\/\\\/www.ccof.org\\\/\",\"name\":\"CCOF.org\",\"description\":\"Help make organic the norm!\",\"publisher\":{\"@id\":\"https:\\\/\\\/www.ccof.org\\\/#organization\"},\"potentialAction\":[{\"@type\":\"SearchAction\",\"target\":{\"@type\":\"EntryPoint\",\"urlTemplate\":\"https:\\\/\\\/www.ccof.org\\\/?s={search_term_string}\"},\"query-input\":{\"@type\":\"PropertyValueSpecification\",\"valueRequired\":true,\"valueName\":\"search_term_string\"}}],\"inLanguage\":\"es-MX\"},{\"@type\":\"Organization\",\"@id\":\"https:\\\/\\\/www.ccof.org\\\/#organization\",\"name\":\"CCOF.org\",\"url\":\"https:\\\/\\\/www.ccof.org\\\/\",\"logo\":{\"@type\":\"ImageObject\",\"inLanguage\":\"es-MX\",\"@id\":\"https:\\\/\\\/www.ccof.org\\\/#\\\/schema\\\/logo\\\/image\\\/\",\"url\":\"https:\\\/\\\/www.ccof.org\\\/wp-content\\\/uploads\\\/2024\\\/02\\\/ccof-logo.svg\",\"contentUrl\":\"https:\\\/\\\/www.ccof.org\\\/wp-content\\\/uploads\\\/2024\\\/02\\\/ccof-logo.svg\",\"width\":85,\"height\":111,\"caption\":\"CCOF.org\"},\"image\":{\"@id\":\"https:\\\/\\\/www.ccof.org\\\/#\\\/schema\\\/logo\\\/image\\\/\"},\"sameAs\":[\"https:\\\/\\\/www.facebook.com\\\/CCOForganic\",\"https:\\\/\\\/www.youtube.com\\\/c\\\/CCOForganic\",\"https:\\\/\\\/www.instagram.com\\\/ccoforganic\\\/\"]}]}<\/script>\n<!-- \/ Yoast SEO plugin. -->","yoast_head_json":{"title":"Historia - CCOF.org","description":"El CCOF se fund\u00f3 con 54 productores miembros con el fin de definir las normas org\u00e1nicas y certificar a los productores ecol\u00f3gicos. Todas las operaciones del CCOF se llevaban a cabo en la casa del fundador Barney Bricmont, en Santa Cruz (California); su comedor era la oficina, y la mesa del comedor hac\u00eda las veces de escritorio.","robots":{"index":"index","follow":"follow","max-snippet":"max-snippet:-1","max-image-preview":"max-image-preview:large","max-video-preview":"max-video-preview:-1"},"canonical":"https:\/\/www.ccof.org\/es\/about\/history\/","og_locale":"es_MX","og_type":"article","og_title":"History - CCOF.org","og_description":"CCOF was founded in 1973 with 54 grower members for the purpose of defining organic standards and certifying organic growers. All CCOF operations were run out of founder Barney Bricmont\u2019s Santa Cruz, California, home; his dining room was the office, with the dining table acting as a desk.","og_url":"https:\/\/www.ccof.org\/es\/about\/history\/","og_site_name":"CCOF.org","article_publisher":"https:\/\/www.facebook.com\/CCOForganic","article_modified_time":"2025-10-16T01:09:11+00:00","og_image":[{"width":2560,"height":2121,"url":"https:\/\/www.ccof.org\/wp-content\/uploads\/2025\/10\/CCOF-History_Founding-Dining-Table-organic-1973-scaled.jpg","type":"image\/jpeg"}],"twitter_card":"summary_large_image","twitter_misc":{"Est. reading time":"12 minutes"},"schema":{"@context":"https:\/\/schema.org","@graph":[{"@type":"WebPage","@id":"https:\/\/www.ccof.org\/about\/history\/","url":"https:\/\/www.ccof.org\/about\/history\/","name":"Historia - CCOF.org","isPartOf":{"@id":"https:\/\/www.ccof.org\/#website"},"primaryImageOfPage":{"@id":"https:\/\/www.ccof.org\/about\/history\/#primaryimage"},"image":{"@id":"https:\/\/www.ccof.org\/about\/history\/#primaryimage"},"thumbnailUrl":"https:\/\/www.ccof.org\/wp-content\/uploads\/2025\/10\/CCOF-History_Founding-Dining-Table-organic-1973-scaled.jpg","datePublished":"2024-03-04T23:59:32+00:00","dateModified":"2025-10-16T01:09:11+00:00","description":"El CCOF se fund\u00f3 con 54 productores miembros con el fin de definir las normas org\u00e1nicas y certificar a los productores ecol\u00f3gicos. Todas las operaciones del CCOF se llevaban a cabo en la casa del fundador Barney Bricmont, en Santa Cruz (California); su comedor era la oficina, y la mesa del comedor hac\u00eda las veces de escritorio.","breadcrumb":{"@id":"https:\/\/www.ccof.org\/about\/history\/#breadcrumb"},"inLanguage":"es-MX","potentialAction":[{"@type":"ReadAction","target":["https:\/\/www.ccof.org\/about\/history\/"]}]},{"@type":"ImageObject","inLanguage":"es-MX","@id":"https:\/\/www.ccof.org\/about\/history\/#primaryimage","url":"https:\/\/www.ccof.org\/wp-content\/uploads\/2025\/10\/CCOF-History_Founding-Dining-Table-organic-1973-scaled.jpg","contentUrl":"https:\/\/www.ccof.org\/wp-content\/uploads\/2025\/10\/CCOF-History_Founding-Dining-Table-organic-1973-scaled.jpg","width":2560,"height":2121,"caption":"In 1973, 54 organic growers gathered around a table in Barney Bricmont\u2019s Santa Cruz home to define the first organic standards and form California Certified Organic Farmers (CCOF). What began here became a nationwide movement for organic integrity."},{"@type":"BreadcrumbList","@id":"https:\/\/www.ccof.org\/about\/history\/#breadcrumb","itemListElement":[{"@type":"ListItem","position":1,"name":"Home","item":"https:\/\/www.ccof.org\/"},{"@type":"ListItem","position":2,"name":"About Us","item":"https:\/\/www.ccof.org\/about\/"},{"@type":"ListItem","position":3,"name":"History"}]},{"@type":"WebSite","@id":"https:\/\/www.ccof.org\/#website","url":"https:\/\/www.ccof.org\/","name":"CCOF.org","description":"\u00a1Ayude a que lo org\u00e1nico sea la norma!","publisher":{"@id":"https:\/\/www.ccof.org\/#organization"},"potentialAction":[{"@type":"SearchAction","target":{"@type":"EntryPoint","urlTemplate":"https:\/\/www.ccof.org\/?s={search_term_string}"},"query-input":{"@type":"PropertyValueSpecification","valueRequired":true,"valueName":"search_term_string"}}],"inLanguage":"es-MX"},{"@type":"Organization","@id":"https:\/\/www.ccof.org\/#organization","name":"CCOF.org","url":"https:\/\/www.ccof.org\/","logo":{"@type":"ImageObject","inLanguage":"es-MX","@id":"https:\/\/www.ccof.org\/#\/schema\/logo\/image\/","url":"https:\/\/www.ccof.org\/wp-content\/uploads\/2024\/02\/ccof-logo.svg","contentUrl":"https:\/\/www.ccof.org\/wp-content\/uploads\/2024\/02\/ccof-logo.svg","width":85,"height":111,"caption":"CCOF.org"},"image":{"@id":"https:\/\/www.ccof.org\/#\/schema\/logo\/image\/"},"sameAs":["https:\/\/www.facebook.com\/CCOForganic","https:\/\/www.youtube.com\/c\/CCOForganic","https:\/\/www.instagram.com\/ccoforganic\/"]}]}},"_links":{"self":[{"href":"https:\/\/www.ccof.org\/es\/wp-json\/wp\/v2\/pages\/172","targetHints":{"allow":["GET"]}}],"collection":[{"href":"https:\/\/www.ccof.org\/es\/wp-json\/wp\/v2\/pages"}],"about":[{"href":"https:\/\/www.ccof.org\/es\/wp-json\/wp\/v2\/types\/page"}],"author":[{"embeddable":true,"href":"https:\/\/www.ccof.org\/es\/wp-json\/wp\/v2\/users\/8"}],"replies":[{"embeddable":true,"href":"https:\/\/www.ccof.org\/es\/wp-json\/wp\/v2\/comments?post=172"}],"version-history":[{"count":5,"href":"https:\/\/www.ccof.org\/es\/wp-json\/wp\/v2\/pages\/172\/revisions"}],"predecessor-version":[{"id":52634,"href":"https:\/\/www.ccof.org\/es\/wp-json\/wp\/v2\/pages\/172\/revisions\/52634"}],"up":[{"embeddable":true,"href":"https:\/\/www.ccof.org\/es\/wp-json\/wp\/v2\/pages\/42"}],"wp:featuredmedia":[{"embeddable":true,"href":"https:\/\/www.ccof.org\/es\/wp-json\/wp\/v2\/media\/64010"}],"wp:attachment":[{"href":"https:\/\/www.ccof.org\/es\/wp-json\/wp\/v2\/media?parent=172"}],"curies":[{"name":"wp","href":"https:\/\/api.w.org\/{rel}","templated":true}]}}