{"id":58778,"date":"2025-06-24T15:45:25","date_gmt":"2025-06-24T15:45:25","guid":{"rendered":"https:\/\/www.ccof.org\/?page_id=58778"},"modified":"2025-08-14T16:50:36","modified_gmt":"2025-08-14T16:50:36","slug":"usda-organic-transitional-producer-plan","status":"publish","type":"page","link":"https:\/\/www.ccof.org\/es\/organic-certification-services\/certified-transitional-program\/usda-organic-transitional-producer-plan\/","title":{"rendered":"USDA Organic - Plan de transici\u00f3n para productores"},"content":{"rendered":"","protected":false},"excerpt":{"rendered":"","protected":false},"author":32,"featured_media":54435,"parent":312,"menu_order":0,"comment_status":"closed","ping_status":"closed","template":"","meta":{"_acf_changed":false,"_relevanssi_hide_post":"","_relevanssi_hide_content":"","_relevanssi_pin_for_all":"","_relevanssi_pin_keywords":"","_relevanssi_unpin_keywords":"","_relevanssi_related_keywords":"","_relevanssi_related_include_ids":"0","_relevanssi_related_exclude_ids":"","_relevanssi_related_no_append":"","_relevanssi_related_not_related":"","_relevanssi_related_posts":"33965,62035,32729,62038,32934,33706,33717,33938,62143,33698","_relevanssi_noindex_reason":"","footnotes":""},"class_list":["post-58778","page","type-page","status-publish","has-post-thumbnail","hentry"],"acf":[],"yoast_head":"<!-- This site is optimized with the Yoast SEO plugin v27.3 - https:\/\/yoast.com\/product\/yoast-seo-wordpress\/ -->\n<title>USDA Organic \u2013 Transitional Producer Plan - CCOF.org<\/title>\n<meta name=\"description\" content=\"Are you considering transitioning to organic? The organic transitional producer plan might just be what you need to get started.\" \/>\n<meta name=\"robots\" content=\"index, follow, max-snippet:-1, max-image-preview:large, max-video-preview:-1\" \/>\n<link rel=\"canonical\" href=\"https:\/\/www.ccof.org\/es\/organic-certification-services\/certified-transitional-program\/usda-organic-transitional-producer-plan\/\" \/>\n<meta property=\"og:locale\" content=\"es_MX\" \/>\n<meta property=\"og:type\" content=\"article\" \/>\n<meta property=\"og:title\" content=\"USDA Organic \u2013 Transitional Producer Plan - CCOF.org\" \/>\n<meta property=\"og:description\" content=\"Are you considering transitioning to organic? The organic transitional producer plan might just be what you need to get started.\" \/>\n<meta property=\"og:url\" content=\"https:\/\/www.ccof.org\/es\/organic-certification-services\/certified-transitional-program\/usda-organic-transitional-producer-plan\/\" \/>\n<meta property=\"og:site_name\" content=\"CCOF.org\" \/>\n<meta property=\"article:publisher\" content=\"https:\/\/www.facebook.com\/CCOForganic\" \/>\n<meta property=\"article:modified_time\" content=\"2025-08-14T16:50:36+00:00\" \/>\n<meta property=\"og:image\" content=\"https:\/\/www.ccof.org\/wp-content\/uploads\/2025\/03\/CCOF-Summer-Tours-July-2024-ALBA-3.jpg\" \/>\n\t<meta property=\"og:image:width\" content=\"1024\" \/>\n\t<meta property=\"og:image:height\" content=\"591\" \/>\n\t<meta property=\"og:image:type\" content=\"image\/jpeg\" \/>\n<meta name=\"twitter:card\" content=\"summary_large_image\" \/>\n<meta name=\"twitter:label1\" content=\"Est. reading time\" \/>\n\t<meta name=\"twitter:data1\" content=\"2 minutes\" \/>\n<script type=\"application\/ld+json\" class=\"yoast-schema-graph\">{\"@context\":\"https:\\\/\\\/schema.org\",\"@graph\":[{\"@type\":\"WebPage\",\"@id\":\"https:\\\/\\\/www.ccof.org\\\/organic-certification-services\\\/certified-transitional-program\\\/usda-organic-transitional-producer-plan\\\/\",\"url\":\"https:\\\/\\\/www.ccof.org\\\/organic-certification-services\\\/certified-transitional-program\\\/usda-organic-transitional-producer-plan\\\/\",\"name\":\"USDA Organic \u2013 Transitional Producer Plan - CCOF.org\",\"isPartOf\":{\"@id\":\"https:\\\/\\\/www.ccof.org\\\/#website\"},\"primaryImageOfPage\":{\"@id\":\"https:\\\/\\\/www.ccof.org\\\/organic-certification-services\\\/certified-transitional-program\\\/usda-organic-transitional-producer-plan\\\/#primaryimage\"},\"image\":{\"@id\":\"https:\\\/\\\/www.ccof.org\\\/organic-certification-services\\\/certified-transitional-program\\\/usda-organic-transitional-producer-plan\\\/#primaryimage\"},\"thumbnailUrl\":\"https:\\\/\\\/www.ccof.org\\\/wp-content\\\/uploads\\\/2025\\\/03\\\/CCOF-Summer-Tours-July-2024-ALBA-3.jpg\",\"datePublished\":\"2025-06-24T15:45:25+00:00\",\"dateModified\":\"2025-08-14T16:50:36+00:00\",\"description\":\"Are you considering transitioning to organic? The organic transitional producer plan might just be what you need to get started.\",\"breadcrumb\":{\"@id\":\"https:\\\/\\\/www.ccof.org\\\/organic-certification-services\\\/certified-transitional-program\\\/usda-organic-transitional-producer-plan\\\/#breadcrumb\"},\"inLanguage\":\"es-MX\",\"potentialAction\":[{\"@type\":\"ReadAction\",\"target\":[\"https:\\\/\\\/www.ccof.org\\\/organic-certification-services\\\/certified-transitional-program\\\/usda-organic-transitional-producer-plan\\\/\"]}]},{\"@type\":\"ImageObject\",\"inLanguage\":\"es-MX\",\"@id\":\"https:\\\/\\\/www.ccof.org\\\/organic-certification-services\\\/certified-transitional-program\\\/usda-organic-transitional-producer-plan\\\/#primaryimage\",\"url\":\"https:\\\/\\\/www.ccof.org\\\/wp-content\\\/uploads\\\/2025\\\/03\\\/CCOF-Summer-Tours-July-2024-ALBA-3.jpg\",\"contentUrl\":\"https:\\\/\\\/www.ccof.org\\\/wp-content\\\/uploads\\\/2025\\\/03\\\/CCOF-Summer-Tours-July-2024-ALBA-3.jpg\",\"width\":1024,\"height\":591,\"caption\":\"ALBA Farmer on tractor in field during watering, CCOF Alba Tour July 2024. Photo by Christina Adams\"},{\"@type\":\"BreadcrumbList\",\"@id\":\"https:\\\/\\\/www.ccof.org\\\/organic-certification-services\\\/certified-transitional-program\\\/usda-organic-transitional-producer-plan\\\/#breadcrumb\",\"itemListElement\":[{\"@type\":\"ListItem\",\"position\":1,\"name\":\"Home\",\"item\":\"https:\\\/\\\/www.ccof.org\\\/\"},{\"@type\":\"ListItem\",\"position\":2,\"name\":\"Certification Services\",\"item\":\"https:\\\/\\\/www.ccof.org\\\/organic-certification-services\\\/\"},{\"@type\":\"ListItem\",\"position\":3,\"name\":\"Certified Transitional Program\",\"item\":\"https:\\\/\\\/www.ccof.org\\\/organic-certification-services\\\/certified-transitional-program\\\/\"},{\"@type\":\"ListItem\",\"position\":4,\"name\":\"USDA Organic \u2013 Transitional Producer Plan\"}]},{\"@type\":\"WebSite\",\"@id\":\"https:\\\/\\\/www.ccof.org\\\/#website\",\"url\":\"https:\\\/\\\/www.ccof.org\\\/\",\"name\":\"CCOF.org\",\"description\":\"Help make organic the norm!\",\"publisher\":{\"@id\":\"https:\\\/\\\/www.ccof.org\\\/#organization\"},\"potentialAction\":[{\"@type\":\"SearchAction\",\"target\":{\"@type\":\"EntryPoint\",\"urlTemplate\":\"https:\\\/\\\/www.ccof.org\\\/?s={search_term_string}\"},\"query-input\":{\"@type\":\"PropertyValueSpecification\",\"valueRequired\":true,\"valueName\":\"search_term_string\"}}],\"inLanguage\":\"es-MX\"},{\"@type\":\"Organization\",\"@id\":\"https:\\\/\\\/www.ccof.org\\\/#organization\",\"name\":\"CCOF.org\",\"url\":\"https:\\\/\\\/www.ccof.org\\\/\",\"logo\":{\"@type\":\"ImageObject\",\"inLanguage\":\"es-MX\",\"@id\":\"https:\\\/\\\/www.ccof.org\\\/#\\\/schema\\\/logo\\\/image\\\/\",\"url\":\"https:\\\/\\\/www.ccof.org\\\/wp-content\\\/uploads\\\/2024\\\/02\\\/ccof-logo.svg\",\"contentUrl\":\"https:\\\/\\\/www.ccof.org\\\/wp-content\\\/uploads\\\/2024\\\/02\\\/ccof-logo.svg\",\"width\":85,\"height\":111,\"caption\":\"CCOF.org\"},\"image\":{\"@id\":\"https:\\\/\\\/www.ccof.org\\\/#\\\/schema\\\/logo\\\/image\\\/\"},\"sameAs\":[\"https:\\\/\\\/www.facebook.com\\\/CCOForganic\",\"https:\\\/\\\/www.youtube.com\\\/c\\\/CCOForganic\",\"https:\\\/\\\/www.instagram.com\\\/ccoforganic\\\/\"]}]}<\/script>\n<!-- \/ Yoast SEO plugin. -->","yoast_head_json":{"title":"USDA Organic - Plan de transici\u00f3n para productores - CCOF.org","description":"\u00bfEst\u00e1 pensando en pasar a la agricultura ecol\u00f3gica? El plan de transici\u00f3n para productores ecol\u00f3gicos puede ser justo lo que necesita para empezar.","robots":{"index":"index","follow":"follow","max-snippet":"max-snippet:-1","max-image-preview":"max-image-preview:large","max-video-preview":"max-video-preview:-1"},"canonical":"https:\/\/www.ccof.org\/es\/organic-certification-services\/certified-transitional-program\/usda-organic-transitional-producer-plan\/","og_locale":"es_MX","og_type":"article","og_title":"USDA Organic \u2013 Transitional Producer Plan - CCOF.org","og_description":"Are you considering transitioning to organic? The organic transitional producer plan might just be what you need to get started.","og_url":"https:\/\/www.ccof.org\/es\/organic-certification-services\/certified-transitional-program\/usda-organic-transitional-producer-plan\/","og_site_name":"CCOF.org","article_publisher":"https:\/\/www.facebook.com\/CCOForganic","article_modified_time":"2025-08-14T16:50:36+00:00","og_image":[{"width":1024,"height":591,"url":"https:\/\/www.ccof.org\/wp-content\/uploads\/2025\/03\/CCOF-Summer-Tours-July-2024-ALBA-3.jpg","type":"image\/jpeg"}],"twitter_card":"summary_large_image","twitter_misc":{"Est. reading time":"2 minutes"},"schema":{"@context":"https:\/\/schema.org","@graph":[{"@type":"WebPage","@id":"https:\/\/www.ccof.org\/organic-certification-services\/certified-transitional-program\/usda-organic-transitional-producer-plan\/","url":"https:\/\/www.ccof.org\/organic-certification-services\/certified-transitional-program\/usda-organic-transitional-producer-plan\/","name":"USDA Organic - Plan de transici\u00f3n para productores - CCOF.org","isPartOf":{"@id":"https:\/\/www.ccof.org\/#website"},"primaryImageOfPage":{"@id":"https:\/\/www.ccof.org\/organic-certification-services\/certified-transitional-program\/usda-organic-transitional-producer-plan\/#primaryimage"},"image":{"@id":"https:\/\/www.ccof.org\/organic-certification-services\/certified-transitional-program\/usda-organic-transitional-producer-plan\/#primaryimage"},"thumbnailUrl":"https:\/\/www.ccof.org\/wp-content\/uploads\/2025\/03\/CCOF-Summer-Tours-July-2024-ALBA-3.jpg","datePublished":"2025-06-24T15:45:25+00:00","dateModified":"2025-08-14T16:50:36+00:00","description":"\u00bfEst\u00e1 pensando en pasar a la agricultura ecol\u00f3gica? El plan de transici\u00f3n para productores ecol\u00f3gicos puede ser justo lo que necesita para empezar.","breadcrumb":{"@id":"https:\/\/www.ccof.org\/organic-certification-services\/certified-transitional-program\/usda-organic-transitional-producer-plan\/#breadcrumb"},"inLanguage":"es-MX","potentialAction":[{"@type":"ReadAction","target":["https:\/\/www.ccof.org\/organic-certification-services\/certified-transitional-program\/usda-organic-transitional-producer-plan\/"]}]},{"@type":"ImageObject","inLanguage":"es-MX","@id":"https:\/\/www.ccof.org\/organic-certification-services\/certified-transitional-program\/usda-organic-transitional-producer-plan\/#primaryimage","url":"https:\/\/www.ccof.org\/wp-content\/uploads\/2025\/03\/CCOF-Summer-Tours-July-2024-ALBA-3.jpg","contentUrl":"https:\/\/www.ccof.org\/wp-content\/uploads\/2025\/03\/CCOF-Summer-Tours-July-2024-ALBA-3.jpg","width":1024,"height":591,"caption":"ALBA Farmer on tractor in field during watering, CCOF Alba Tour July 2024. Photo by Christina Adams"},{"@type":"BreadcrumbList","@id":"https:\/\/www.ccof.org\/organic-certification-services\/certified-transitional-program\/usda-organic-transitional-producer-plan\/#breadcrumb","itemListElement":[{"@type":"ListItem","position":1,"name":"Home","item":"https:\/\/www.ccof.org\/"},{"@type":"ListItem","position":2,"name":"Certification Services","item":"https:\/\/www.ccof.org\/organic-certification-services\/"},{"@type":"ListItem","position":3,"name":"Certified Transitional Program","item":"https:\/\/www.ccof.org\/organic-certification-services\/certified-transitional-program\/"},{"@type":"ListItem","position":4,"name":"USDA Organic \u2013 Transitional Producer Plan"}]},{"@type":"WebSite","@id":"https:\/\/www.ccof.org\/#website","url":"https:\/\/www.ccof.org\/","name":"CCOF.org","description":"\u00a1Ayude a que lo org\u00e1nico sea la norma!","publisher":{"@id":"https:\/\/www.ccof.org\/#organization"},"potentialAction":[{"@type":"SearchAction","target":{"@type":"EntryPoint","urlTemplate":"https:\/\/www.ccof.org\/?s={search_term_string}"},"query-input":{"@type":"PropertyValueSpecification","valueRequired":true,"valueName":"search_term_string"}}],"inLanguage":"es-MX"},{"@type":"Organization","@id":"https:\/\/www.ccof.org\/#organization","name":"CCOF.org","url":"https:\/\/www.ccof.org\/","logo":{"@type":"ImageObject","inLanguage":"es-MX","@id":"https:\/\/www.ccof.org\/#\/schema\/logo\/image\/","url":"https:\/\/www.ccof.org\/wp-content\/uploads\/2024\/02\/ccof-logo.svg","contentUrl":"https:\/\/www.ccof.org\/wp-content\/uploads\/2024\/02\/ccof-logo.svg","width":85,"height":111,"caption":"CCOF.org"},"image":{"@id":"https:\/\/www.ccof.org\/#\/schema\/logo\/image\/"},"sameAs":["https:\/\/www.facebook.com\/CCOForganic","https:\/\/www.youtube.com\/c\/CCOForganic","https:\/\/www.instagram.com\/ccoforganic\/"]}]}},"_links":{"self":[{"href":"https:\/\/www.ccof.org\/es\/wp-json\/wp\/v2\/pages\/58778","targetHints":{"allow":["GET"]}}],"collection":[{"href":"https:\/\/www.ccof.org\/es\/wp-json\/wp\/v2\/pages"}],"about":[{"href":"https:\/\/www.ccof.org\/es\/wp-json\/wp\/v2\/types\/page"}],"author":[{"embeddable":true,"href":"https:\/\/www.ccof.org\/es\/wp-json\/wp\/v2\/users\/32"}],"replies":[{"embeddable":true,"href":"https:\/\/www.ccof.org\/es\/wp-json\/wp\/v2\/comments?post=58778"}],"version-history":[{"count":6,"href":"https:\/\/www.ccof.org\/es\/wp-json\/wp\/v2\/pages\/58778\/revisions"}],"predecessor-version":[{"id":62962,"href":"https:\/\/www.ccof.org\/es\/wp-json\/wp\/v2\/pages\/58778\/revisions\/62962"}],"up":[{"embeddable":true,"href":"https:\/\/www.ccof.org\/es\/wp-json\/wp\/v2\/pages\/312"}],"wp:featuredmedia":[{"embeddable":true,"href":"https:\/\/www.ccof.org\/es\/wp-json\/wp\/v2\/media\/54435"}],"wp:attachment":[{"href":"https:\/\/www.ccof.org\/es\/wp-json\/wp\/v2\/media?parent=58778"}],"curies":[{"name":"wp","href":"https:\/\/api.w.org\/{rel}","templated":true}]}}